{"id":9500,"date":"2022-09-28T09:17:31","date_gmt":"2022-09-28T09:17:31","guid":{"rendered":"https:\/\/app-cprd-butepark.azurewebsites.net\/visitor-centre-hire\/"},"modified":"2025-02-07T10:28:06","modified_gmt":"2025-02-07T10:28:06","slug":"llogi-ystafell-canolfan-ymwelwyr","status":"publish","type":"page","link":"https:\/\/bute-park.com\/cy\/llogi-ystafell-canolfan-ymwelwyr\/","title":{"rendered":"Llogi Ystafell Canolfan Ymwelwyr"},"content":{"rendered":"<div class=\"vce-row-container\"><div class=\"vce-row vce-element--has-background vce-row--col-gap-0 page_top vce-row-content--top\" data-vce-full-width=\"true\" id=\"el-446ef836\" data-vce-do-apply=\"all el-446ef836\"><div class=\"vce-content-background-container\"><div class=\"vce-asset-background-simple-container vce-visible-all-only vce-asset-background-simple--style-cover vce-asset-background-simple--position-center-center\"><div class=\"vce-asset-background-simple\"><div class=\"vce-asset-background-simple-item\" style=\"background-image: url('https:\/\/app-cprd-butepark.azurewebsites.net\/wp-content\/uploads\/Education-Centre.jpg');\"><\/div><\/div><\/div><\/div><div class=\"vce-row-content\" data-vce-element-content=\"true\"><div class=\"vce-col vce-col--md-auto vce-col--xs-1 vce-col--xs-last vce-col--xs-first vce-col--sm-last vce-col--sm-first vce-col--md-last vce-col--lg-last vce-col--xl-last vce-col--md-first vce-col--lg-first vce-col--xl-first\" id=\"el-7af06175\"><div class=\"vce-col-inner\" data-vce-do-apply=\"border margin background  el-7af06175\"><div class=\"vce-col-content\" data-vce-element-content=\"true\" data-vce-do-apply=\"padding el-7af06175\"><div class=\"vce-text-block\" id=\"page_title\"><div class=\"vce-text-block-wrapper vce\" id=\"el-82ded628\" data-vce-do-apply=\"all el-82ded628\"><h2>Llogi Ystafell Canolfan Ymwelwyr<\/h2><\/div><\/div><\/div><\/div><\/div><\/div><\/div><\/div><div class=\"vce-row-container\" data-vce-boxed-width=\"true\"><div class=\"vce-row vce-row--col-gap-30 vce-row-equal-height vce-row-content--top\" id=\"el-560da61d\" data-vce-do-apply=\"all el-560da61d\"><div class=\"vce-row-content\" data-vce-element-content=\"true\"><div class=\"vce-col vce-col--md-auto vce-col--xs-1 vce-col--xs-last vce-col--xs-first vce-col--sm-last vce-col--sm-first vce-col--md-last vce-col--lg-last vce-col--xl-last vce-col--md-first vce-col--lg-first vce-col--xl-first\" id=\"el-eb641430\"><div class=\"vce-col-inner\" data-vce-do-apply=\"border margin background  el-eb641430\"><div class=\"vce-col-content\" data-vce-element-content=\"true\" data-vce-do-apply=\"padding el-eb641430\"><div class=\"vce-row-container\" data-vce-boxed-width=\"true\"><div class=\"vce-row vce-row--col-gap-30 vce-row-content--top\" id=\"el-74adaa4c\" data-vce-do-apply=\"all el-74adaa4c\"><div class=\"vce-content-background-container\"><\/div><div class=\"vce-row-content\" data-vce-element-content=\"true\"><div class=\"vce-col vce-col--md-66-66p vce-col--xs-1 vce-col--xs-last vce-col--xs-first vce-col--sm-last vce-col--sm-first vce-col--md-first vce-col--lg-first vce-col--xl-first\" id=\"el-a9a4decf\"><div class=\"vce-col-inner\" data-vce-do-apply=\"border margin background  el-a9a4decf\"><div class=\"vce-col-content\" data-vce-element-content=\"true\" data-vce-do-apply=\"padding el-a9a4decf\"><div class=\"vce-text-block\"><div class=\"vce-text-block-wrapper vce\" id=\"el-e5ef41e2\" data-vce-do-apply=\"all el-e5ef41e2\"><h2>Saif Canolfan Ymwelwyr Parc Bute yng nghanol y parc ac mae modd ei chyrraedd yn hawdd o ganol y ddinas.<\/h2><\/div><\/div><div class=\"vce-single-image-container vce-single-image--align-left\"><div class=\"vce vce-single-image-wrapper\" id=\"el-e56030a4\" data-vce-do-apply=\"all el-e56030a4\"><figure><div class=\"vce-single-image-figure-inner\" style=\"width: 1125px;\"><div class=\"vce-single-image-inner vce-single-image--absolute\" style=\"width: 100%; padding-bottom: 56.3556%;\"><img loading=\"lazy\" decoding=\"async\" class=\"vce-single-image\"  width=\"1125\" height=\"634\" srcset=\"https:\/\/bute-park.com\/wp-content\/uploads\/Education-Centre-graphic-x1-320x180.jpg 320w, https:\/\/bute-park.com\/wp-content\/uploads\/Education-Centre-graphic-x1-480x271.jpg 480w, https:\/\/bute-park.com\/wp-content\/uploads\/Education-Centre-graphic-x1-800x451.jpg 800w, https:\/\/bute-park.com\/wp-content\/uploads\/Education-Centre-graphic-x1-1125x634.jpg 1125w\" src=\"https:\/\/bute-park.com\/wp-content\/uploads\/Education-Centre-graphic-x1-1125x634.jpg\" data-img-src=\"https:\/\/app-cprd-butepark.azurewebsites.net\/wp-content\/uploads\/Education-Centre-graphic-x1.jpg\" data-attachment-id=\"3396\"  alt=\"\" title=\"Education Centre\" \/><\/div><\/div><figcaption hidden=\"\"><\/figcaption><\/figure><\/div><\/div><div class=\"vce-text-block\"><div class=\"vce-text-block-wrapper vce\" id=\"el-808c3b9c\" data-vce-do-apply=\"all el-808c3b9c\">Ein nod yw i'r ganolfan fod yn ganolbwynt gwybodaeth, dysgu a hamdden sy'n seiliedig ar barciau. Drwy archebu'r Ganolfan Ymwelwyr ar gyfer eich digwyddiad cymunedol neu gyfarfod busnes rydych yn cefnogi cynnal a chadw a rheoli parhaus y parc hardd hwn.<br><br>Yn y Ganolfan Ymwelwyr rydym yn cynnig prif ystafell ddosbarth sy'n gallu cynnal hyd at 50 o bobl yn eistedd ac ystafell lai a all gynnal hyd at 10 o bobl yn eistedd. Gall yr adeilad gynnal hyd at 50 o westeion ar yr un pryd.<br><br>Mae\u2019r ystafell gyfarfod fach wedi'i chysylltu \u00e2'r brif ystafell ddosbarth gan gegin fach. Gellir llogi'r ystafell farch i ddarparu man ymneilltuo, neu i ddarparu lluniaeth.  Gellir ei logi ar wah\u00e2n hefyd yn amodol ar argaeledd.<\/div><\/div><div class=\"vce-raw-html\"><div class=\"vce-raw-html-wrapper\" id=\"el-0efcb536\" data-vce-do-apply=\"all el-0efcb536\"><div class=\"did_you_know\">\n\t<h3><i class=\"fas fa-question-circle\"><\/i> &nbsp;Wyddech chi?..<\/h3>\n\t\n\t<p>Mae\u2019r adeilad wedi ennill Lefel 4 Safon Amgylcheddol y Ddraig Werdd a ddyfernir i sefydliadau sy\u2019n dangos rheolaeth amgylcheddol effeithiol. Mae lefelau inswleiddio uchel yr adeilad, ynghyd \u00e2\u2019i do glaswellt, ei friciau wedi\u2019u hadfer, ei baneli solar a\u2019r cyfleuster trin carthion ar y safle, yn ei wneud yn gynaliadwy.<\/p>\n\t\n<\/div><\/div><\/div><div class=\"vce vce-separator-container vce-separator--align-center vce-separator--style-solid\" id=\"el-3129b070\" data-vce-do-apply=\"margin el-3129b070\"><div class=\"vce-separator vce-separator--color-bfc0c1 vce-separator--width-60 vce-separator--thickness-0\" data-vce-do-apply=\"border padding background  el-3129b070\"><\/div><\/div><div class=\"vce-text-block\"><div class=\"vce-text-block-wrapper vce\" id=\"el-9695c49e\" data-vce-do-apply=\"all el-9695c49e\"><h3>Yr hyn sydd ar gael yn ein hystafelloedd<\/h3><ul><li style=\"line-height: 2;\">WiFi am ddim<\/li><li style=\"line-height: 2;\">Bysellfwrdd cyfryngau Microsoft All-in-One<\/li><li style=\"line-height: 2;\">Sgrin UHD 75\u201d gydag opsiynau rhannu sgrin (Ystafell Ddosbarth)<\/li><li style=\"line-height: 2;\">Sgrin UHD 55\u201d gydag opsiynau rhannu sgrin (Ystafell Gyfarfod Fach)<\/li><li style=\"line-height: 2;\">System cynadledda fideo sy'n caniat\u00e1u cyfarfodydd hybrid<\/li><li style=\"line-height: 2;\">Doc MultiPort, ceblau HDMI ac USB i ganiat\u00e1u i westeion \"plygio a chwarae\" eu caledwedd eu hunain i mewn i'n system<\/li><li style=\"line-height: 2;\">Siart droi papur, pad a beiros<\/li><li style=\"line-height: 2;\">Bwrdd gwyn mawr gydag ysgrifbinnau bwrdd gwyn<\/li><li style=\"line-height: 2;\">Sinc Belffast (Ystafell Ddosbarth)<\/li><li style=\"line-height: 2;\">Cadeiriau plygu a thri math o opsiwn ar gyfer byrddau<\/li><\/ul><\/div><\/div><div class=\"vce-image-gallery vce-image-gallery--gap-10 vce-image-gallery--columns-3\"><div class=\"vce-image-gallery-wrapper vce\" id=\"el-a1a1d88b\" data-vce-do-apply=\"all el-a1a1d88b\"><div class=\"vce-image-gallery-list\"><div class=\"vce-image-gallery-item\"><figure class=\"vce-image-gallery-item-inner-wrapper\"><a href=\"https:\/\/bute-park.com\/wp-content\/uploads\/Main-Room-9-copy-scaled.jpg\" data-lightbox=\"lightbox-a1a1d88b\" class=\"vce-image-gallery-item-inner\"><img decoding=\"async\" class=\"vce-image-gallery-img\" src=\"https:\/\/bute-park.com\/wp-content\/uploads\/Main-Room-9-copy-700x525.jpg\" alt=\"\" title=\"Main Room 9 copy\"><\/a><\/figure><\/div><div class=\"vce-image-gallery-item\"><figure class=\"vce-image-gallery-item-inner-wrapper\"><a href=\"https:\/\/bute-park.com\/wp-content\/uploads\/Small-Room-5-copy-scaled-e1736519836114.jpg\" data-lightbox=\"lightbox-a1a1d88b\" class=\"vce-image-gallery-item-inner\"><img decoding=\"async\" class=\"vce-image-gallery-img\" src=\"https:\/\/bute-park.com\/wp-content\/uploads\/Small-Room-5-copy-scaled-e1736519836114-700x577.jpg\" alt=\"\" title=\"Small Room 5 copy\"><\/a><\/figure><\/div><div class=\"vce-image-gallery-item\"><figure class=\"vce-image-gallery-item-inner-wrapper\"><a href=\"https:\/\/bute-park.com\/wp-content\/uploads\/Main-Room-13-copy-scaled-e1736521362970.jpg\" data-lightbox=\"lightbox-a1a1d88b\" class=\"vce-image-gallery-item-inner\"><img decoding=\"async\" class=\"vce-image-gallery-img\" src=\"https:\/\/bute-park.com\/wp-content\/uploads\/Main-Room-13-copy-scaled-e1736521362970-700x576.jpg\" alt=\"\" title=\"Main Room 13 copy\"><\/a><\/figure><\/div><\/div><\/div><\/div><div class=\"vce-text-block\"><div class=\"vce-text-block-wrapper vce\" id=\"el-f09f218d\" data-vce-do-apply=\"all el-f09f218d\">Os hoffai eich gr\u0175p wneud defnydd o'r parc yn ystod eich ymweliad siaradwch \u00e2 ni am gadw eich eiddo personol yn ddiogel. <br><br>Os oes angen arlwyo arnoch chi, gallwn eich rhoi mewn cysylltiad \u00e2 sawl busnes lleol sy'n gyfarwydd \u00e2'n lleoliad. <\/div><\/div><div class=\"vce-row-container\" data-vce-boxed-width=\"true\"><div class=\"vce-row vce-element--has-background vce-row--col-gap-30 vce-row-equal-height vce-row-content--top\" id=\"el-ef9f3dde\" data-vce-do-apply=\"all el-ef9f3dde\"><div class=\"vce-content-background-container\"><\/div><div class=\"vce-row-content\" data-vce-element-content=\"true\"><div class=\"vce-col vce-col--md-auto vce-col--xs-1 vce-col--xs-last vce-col--xs-first vce-col--sm-last vce-col--sm-first vce-col--md-last vce-col--lg-last vce-col--xl-last vce-col--md-first vce-col--lg-first vce-col--xl-first\" id=\"el-f7435d2f\"><div class=\"vce-col-inner\" data-vce-do-apply=\"border margin background  el-f7435d2f\"><div class=\"vce-col-content\" data-vce-element-content=\"true\" data-vce-do-apply=\"padding el-f7435d2f\"><div class=\"vce-text-block\"><div class=\"vce-text-block-wrapper vce\" id=\"el-d269eeef\" data-vce-do-apply=\"all el-d269eeef\"><span style=\"font-size: 16pt; color: #ffffff;\">Archebu busnes neu breifat<\/span><\/div><\/div><div class=\"vce-row-container\" data-vce-boxed-width=\"true\"><div class=\"vce-row vce-row--col-gap-30 vce-row-equal-height vce-row-content--top\" id=\"el-fec381c1\" data-vce-do-apply=\"all el-fec381c1\"><div class=\"vce-row-content\" data-vce-element-content=\"true\"><div class=\"vce-col vce-col--md-33p vce-col--xs-1 vce-col--xs-last vce-col--xs-first vce-col--sm-last vce-col--sm-first vce-col--md-first vce-col--lg-first vce-col--xl-first\" id=\"el-463e6247\"><div class=\"vce-col-inner\" data-vce-do-apply=\"border margin background  el-463e6247\"><div class=\"vce-col-content\" data-vce-element-content=\"true\" data-vce-do-apply=\"padding el-463e6247\"><div class=\"vce-single-image-container vce-single-image--align-center\"><div class=\"vce vce-single-image-wrapper\" id=\"el-8bb09322\" data-vce-do-apply=\"all el-8bb09322\"><figure><div class=\"vce-single-image-figure-inner\" style=\"width: 640px;\"><div class=\"vce-single-image-inner vce-single-image--absolute\" style=\"width: 100%; padding-bottom: 66.7188%;\"><img decoding=\"async\" class=\"vce-single-image\" src=\"https:\/\/app-cprd-butepark.azurewebsites.net\/wp-content\/uploads\/0212.10Groupwork_ntreharne048.jpg\" data-img-src=\"https:\/\/app-cprd-butepark.azurewebsites.net\/wp-content\/uploads\/0212.10Groupwork_ntreharne048.jpg\" data-attachment-id=\"9297\" alt=\"\" title=\"0212.10Groupwork_ntreharne048\"><\/div><\/div><figcaption hidden=\"\"><\/figcaption><\/figure><\/div><\/div><\/div><\/div><\/div><div class=\"vce-col vce-col--md-66p vce-col--xs-1 vce-col--xs-last vce-col--xs-first vce-col--sm-last vce-col--sm-first vce-col--md-last vce-col--lg-last vce-col--xl-last\" id=\"el-3101bace\"><div class=\"vce-col-inner\" data-vce-do-apply=\"border margin background  el-3101bace\"><div class=\"vce-col-content\" data-vce-element-content=\"true\" data-vce-do-apply=\"padding el-3101bace\"><div class=\"vce-text-block\"><div class=\"vce-text-block-wrapper vce\" id=\"el-9ff2b67b\" data-vce-do-apply=\"all el-9ff2b67b\">Ar gyfer cyfarfodydd busnes, diwrnodau i ffwrdd a chynadleddau bach ar gyfer hyd at 50 o bobl.<br><br>Gyda natur o\u2019n cwmpas, mae\u2019n fan gwych ar gyfer ysgogi trafodaeth a chreadigrwydd mewn amgylchedd ymlaciol.<br><br>Mae gennym gyfleusterau cynadledda fideo sy'n eich galluogi i gynnal cyfarfodydd hybrid naill ai yn y brif ystafell ddosbarth neu\u2019r ystafell gyfarfod lai.<\/div><\/div><\/div><\/div><\/div><\/div><\/div><\/div><div class=\"vce-button--style-basic-container vis-cent-button vce-button--style-basic-container--align-right\"><span class=\"vce-button--style-basic-wrapper vce\" id=\"el-0c480a26\" data-vce-do-apply=\"margin el-0c480a26\"><a class=\"vce-button vce-button--style-basic vce-button--style-basic--border-square vce-button--style-basic--size-medium vce-button--style-basic--color-b-0-105-86--fff vce-button--style-basic--hover-color-b-9-126-105--fff\" href=\"https:\/\/bute-park.com\/cy\/llogi-ystafell-canolfan-ymwelwyr\/archebion-busnes-neu-breifat\/\" title=\"\" data-vce-do-apply=\"padding border background  el-0c480a26\">Dysgu mwy ac archebu ar-lein<\/a><\/span><\/div><\/div><\/div><\/div><\/div><\/div><\/div><div class=\"vce-row-container\" data-vce-boxed-width=\"true\"><div class=\"vce-row vce-element--has-background vce-row--col-gap-30 vce-row-equal-height vce-row-content--top\" id=\"el-6294ac42\" data-vce-do-apply=\"all el-6294ac42\"><div class=\"vce-content-background-container\"><\/div><div class=\"vce-row-content\" data-vce-element-content=\"true\"><div class=\"vce-col vce-col--md-auto vce-col--xs-1 vce-col--xs-last vce-col--xs-first vce-col--sm-last vce-col--sm-first vce-col--md-last vce-col--lg-last vce-col--xl-last vce-col--md-first vce-col--lg-first vce-col--xl-first\" id=\"el-40502ed5\"><div class=\"vce-col-inner\" data-vce-do-apply=\"border margin background  el-40502ed5\"><div class=\"vce-col-content\" data-vce-element-content=\"true\" data-vce-do-apply=\"padding el-40502ed5\"><div class=\"vce-text-block\"><div class=\"vce-text-block-wrapper vce\" id=\"el-a88f8e9e\" data-vce-do-apply=\"all el-a88f8e9e\"><span style=\"font-size: 16pt; color: #ffffff;\">Archebion cymunedol<\/span><\/div><\/div><div class=\"vce-row-container\" data-vce-boxed-width=\"true\"><div class=\"vce-row vce-row--col-gap-30 vce-row-equal-height vce-row-content--top\" id=\"el-f5632a3b\" data-vce-do-apply=\"all el-f5632a3b\"><div class=\"vce-row-content\" data-vce-element-content=\"true\"><div class=\"vce-col vce-col--md-33p vce-col--xs-1 vce-col--xs-last vce-col--xs-first vce-col--sm-last vce-col--sm-first vce-col--md-first vce-col--lg-first vce-col--xl-first\" id=\"el-d9b607c1\"><div class=\"vce-col-inner\" data-vce-do-apply=\"border margin background  el-d9b607c1\"><div class=\"vce-col-content\" data-vce-element-content=\"true\" data-vce-do-apply=\"padding el-d9b607c1\"><div class=\"vce-single-image-container vce-single-image--align-left\"><div class=\"vce vce-single-image-wrapper\" id=\"el-2d3aaccb\" data-vce-do-apply=\"all el-2d3aaccb\"><figure><div class=\"vce-single-image-figure-inner\" style=\"width: 640px;\"><div class=\"vce-single-image-inner vce-single-image--absolute\" style=\"width: 100%; padding-bottom: 74.6875%;\"><img loading=\"lazy\" decoding=\"async\" class=\"vce-single-image\"  width=\"640\" height=\"478\" srcset=\"https:\/\/bute-park.com\/wp-content\/uploads\/Community-booking-jine-art-class-2-320x239.jpg 320w, https:\/\/bute-park.com\/wp-content\/uploads\/Community-booking-jine-art-class-2-480x359.jpg 480w, https:\/\/bute-park.com\/wp-content\/uploads\/Community-booking-jine-art-class-2-640x478.jpg 640w\" src=\"https:\/\/bute-park.com\/wp-content\/uploads\/Community-booking-jine-art-class-2-640x478.jpg\" data-img-src=\"https:\/\/app-cprd-butepark.azurewebsites.net\/wp-content\/uploads\/Community-booking-jine-art-class-2.jpg\" data-attachment-id=\"9258\"  alt=\"\" title=\"Community booking jine art class 2\" \/><\/div><\/div><figcaption hidden=\"\"><\/figcaption><\/figure><\/div><\/div><\/div><\/div><\/div><div class=\"vce-col vce-col--md-66p vce-col--xs-1 vce-col--xs-last vce-col--xs-first vce-col--sm-last vce-col--sm-first vce-col--md-last vce-col--lg-last vce-col--xl-last\" id=\"el-294f3376\"><div class=\"vce-col-inner\" data-vce-do-apply=\"border margin background  el-294f3376\"><div class=\"vce-col-content\" data-vce-element-content=\"true\" data-vce-do-apply=\"padding el-294f3376\"><div class=\"vce-text-block\"><div class=\"vce-text-block-wrapper vce\" id=\"el-608f3f36\" data-vce-do-apply=\"all el-608f3f36\">Ar gyfer dosbarthiadau, sgyrsiau, cyfarfodydd cyhoeddus a digwyddiadau. <br><br>Mae gennym gyfleusterau cyflwyno modern a gofod i 50 o bobl eistedd ar ffurf darlith. Lleoliad delfrydol ar gyfer sgyrsiau, dosbarthiadau neu weithdai. <br><br>Rydym wedi croesawu trefnwyr sy'n darparu dosbarthiadau ar hanes lleol, ysgrifennu creadigol, cadw gwenyn a garddio.<\/div><\/div><\/div><\/div><\/div><\/div><\/div><\/div><div class=\"vce-button--style-basic-container vis-cent-button vce-button--style-basic-container--align-right\"><span class=\"vce-button--style-basic-wrapper vce\" id=\"el-8e9ddd7a\" data-vce-do-apply=\"margin el-8e9ddd7a\"><a class=\"vce-button vce-button--style-basic vce-button--style-basic--border-square vce-button--style-basic--size-medium vce-button--style-basic--color-b-0-105-86--fff vce-button--style-basic--hover-color-b-9-126-105--fff\" href=\"https:\/\/bute-park.com\/cy\/llogi-ystafell-canolfan-ymwelwyr\/archebion-cymunedol\/\" title=\"\" data-vce-do-apply=\"padding border background  el-8e9ddd7a\">Dysgu mwy ac archebu ar-lein<\/a><\/span><\/div><\/div><\/div><\/div><\/div><\/div><\/div><\/div><\/div><\/div><div class=\"vce-col vce-col--md-33-34p vce-col--xs-1 vce-col--xs-last vce-col--xs-first vce-col--sm-last vce-col--sm-first vce-col--md-last vce-col--lg-last vce-col--xl-last\" id=\"el-c7c9f79f\"><div class=\"vce-col-inner\" data-vce-do-apply=\"border margin background  el-c7c9f79f\"><div class=\"vce-col-content\" data-vce-element-content=\"true\" data-vce-do-apply=\"padding el-c7c9f79f\"><div class=\"vce-raw-html\"><div class=\"vce-raw-html-wrapper\" id=\"el-d2a01aa5\" data-vce-do-apply=\"all el-d2a01aa5\">\n\n<div class=\"opening_box opening_left opening_conference\">\t\n\t<ul>\n\t\t<li>Lleoliad parcdir hyfryd <\/li>\n\t\t<li>Hawdd i\u2019w gyrraedd<\/li>\n\t\t<li>Cynllun hyblyg<\/li>\n\t\t<li>WiFi Am Ddim<\/li>\n\t\t<li>Cyfleusterau cyflwyno amlgyfrwng<\/li>\n\t\t<!--<li>DDA compliant<\/li>-->\n\t<\/ul>\n\t\n<\/div>\n\n<!--<a href=\"\/catering\/\" class=\"catering_box\">\n\t<p>We have a first class caterer on site who can tailor buffets and refreshment packages to suit your particular taste and budget.\t\n\t<\/p>\n<\/a>-->\n\n\n<div class=\"education_box\">\n\t<p><a href=\"\/attraction\/visitor-centre\/\">Dysgwch mwy am y Ganolfan Ymwelwyr<\/a>\n\t<\/p>\n<\/div><\/div><\/div><\/div><\/div><\/div><\/div><\/div><\/div><\/div><\/div><\/div><\/div><\/div><\/div>\n","protected":false},"excerpt":{"rendered":"Llogi Ystafell Canolfan YmwelwyrSaif Canolfan Ymwelwyr Parc Bute yng nghanol y parc ac mae modd ei chyrraedd yn hawdd o ganol y ddinas.Ein nod yw i&#8217;r ganolfan fod yn ganolbwynt gwybodaeth, dysgu a hamdden sy&#8217;n seiliedig ar barciau. Drwy archebu&#8217;r Ganolfan Ymwelwyr ar gyfer eich digwyddiad cymunedol neu gyfarfod busnes rydych yn cefnogi cynnal a&#8230; <a class=\"view-article\" href=\"https:\/\/bute-park.com\/cy\/llogi-ystafell-canolfan-ymwelwyr\/\">View Llogi Ystafell Canolfan Ymwelwyr<\/a>","protected":false},"author":9,"featured_media":0,"parent":0,"menu_order":0,"comment_status":"closed","ping_status":"closed","template":"","meta":{"_acf_changed":false,"footnotes":""},"class_list":["post-9500","page","type-page","status-publish","hentry"],"acf":[],"_links":{"self":[{"href":"https:\/\/bute-park.com\/cy\/wp-json\/wp\/v2\/pages\/9500","targetHints":{"allow":["GET"]}}],"collection":[{"href":"https:\/\/bute-park.com\/cy\/wp-json\/wp\/v2\/pages"}],"about":[{"href":"https:\/\/bute-park.com\/cy\/wp-json\/wp\/v2\/types\/page"}],"author":[{"embeddable":true,"href":"https:\/\/bute-park.com\/cy\/wp-json\/wp\/v2\/users\/9"}],"replies":[{"embeddable":true,"href":"https:\/\/bute-park.com\/cy\/wp-json\/wp\/v2\/comments?post=9500"}],"version-history":[{"count":7,"href":"https:\/\/bute-park.com\/cy\/wp-json\/wp\/v2\/pages\/9500\/revisions"}],"predecessor-version":[{"id":12288,"href":"https:\/\/bute-park.com\/cy\/wp-json\/wp\/v2\/pages\/9500\/revisions\/12288"}],"wp:attachment":[{"href":"https:\/\/bute-park.com\/cy\/wp-json\/wp\/v2\/media?parent=9500"}],"curies":[{"name":"wp","href":"https:\/\/api.w.org\/{rel}","templated":true}]}}