{"id":2562,"date":"2019-05-02T15:13:23","date_gmt":"2019-05-02T15:13:23","guid":{"rendered":"http:\/\/bute.cardiffcouncilwebteam.co.uk\/friends-bute-park\/"},"modified":"2025-12-11T15:07:09","modified_gmt":"2025-12-11T15:07:09","slug":"cyfeillion-parc-bute","status":"publish","type":"page","link":"https:\/\/bute-park.com\/cy\/cyfeillion-parc-bute\/","title":{"rendered":"Cyfeillion Parc Bute"},"content":{"rendered":"<div class=\"vce-row-container\"><div class=\"vce-row vce-element--has-background vce-row--col-gap-0 page_top vce-row-content--top\" data-vce-full-width=\"true\" id=\"el-967df2b9\" data-vce-do-apply=\"all el-967df2b9\"><div class=\"vce-content-background-container\"><div class=\"vce-asset-background-simple-container vce-visible-all-only vce-asset-background-simple--style-cover vce-asset-background-simple--position-center-center\"><div class=\"vce-asset-background-simple\">\n              <div class=\"vce-asset-background-simple-item vcv-lozad\" data-background-image=\"https:\/\/bute-park.com\/wp-content\/uploads\/gorsedd_stones.jpg\"><\/div>\n              <noscript>\n                <div class=\"vce-asset-background-simple-item\" style=\"background-image: url(https:\/\/bute-park.com\/wp-content\/uploads\/gorsedd_stones.jpg)\"><\/div>\n              <\/noscript>\n            <\/div><\/div><\/div><div class=\"vce-row-content\" data-vce-element-content=\"true\"><div class=\"vce-col vce-col--md-auto vce-col--xs-1 vce-col--xs-last vce-col--xs-first vce-col--sm-last vce-col--sm-first vce-col--md-last vce-col--lg-last vce-col--xl-last vce-col--md-first vce-col--lg-first vce-col--xl-first\" id=\"el-4c9040d0\"><div class=\"vce-col-inner\" data-vce-do-apply=\"border margin background  el-4c9040d0\"><div class=\"vce-col-content\" data-vce-element-content=\"true\" data-vce-do-apply=\"padding el-4c9040d0\"><div class=\"vce-text-block\" id=\"page_title\"><div class=\"vce-text-block-wrapper vce\" id=\"el-174c79e1\" data-vce-do-apply=\"all el-174c79e1\"><h1><span style=\"font-size: 18pt;\">Cyfeillion Parc Bute<\/span><\/h1><\/div><\/div><\/div><\/div><\/div><\/div><\/div><\/div><div class=\"vce-row-container\"><div class=\"vce-row vce-row--col-gap-30 friends_bg vce-row-content--top\" data-vce-full-width=\"true\" id=\"el-791e05ca\" data-vce-do-apply=\"all el-791e05ca\"><div class=\"vce-content-background-container\"><\/div><div class=\"vce-row-content\" data-vce-element-content=\"true\"><div class=\"vce-col vce-col--md-66-66p vce-col--xs-1 vce-col--xs-last vce-col--xs-first vce-col--sm-last vce-col--sm-first vce-col--md-first vce-col--lg-first vce-col--xl-first\" id=\"el-e08a5a6c\"><div class=\"vce-col-inner\" data-vce-do-apply=\"border margin background  el-e08a5a6c\"><div class=\"vce-col-content\" data-vce-element-content=\"true\" data-vce-do-apply=\"padding el-e08a5a6c\"><div class=\"vce-text-block\"><div class=\"vce-text-block-wrapper vce\" id=\"el-3ed629a1\" data-vce-do-apply=\"all el-3ed629a1\"><h3><strong>Pwy yw Cyfeillion Newydd Parc Bute?<\/strong><\/h3>\n<p>Mae Cyfeillion Newydd Parc Bute yn cynnwys trigolion lleol sy'n teimlo'n angerddol dros Barc Bute. Rydym yn sefydliad gwirfoddol ac rydym yn gweithredu fel cynrychiolwyr i ddefnyddwyr amrywiol y parc yn ogystal \u00e2 chynnig cefnogaeth ymarferol i'r parc a Th\u00eem Rheoli'r Parc.<\/p>\n<p><strong><a href=\"https:\/\/newfriendsofbutepark.co.uk\/\">GWEFAN<\/a><\/strong><\/p>\n<h3><strong>Beth yw Amcanion y Cyfeillion Newydd? <\/strong><\/h3>\n<p>Mae Cyfeillion Newydd Parc Bute yn gweithredu o dan gyfansoddiad yn unol \u00e2'r holl grwpiau \"Cyfeillion\" parciau eraill yng Nghaerdydd.<\/p>\n<p><strong>Ein pwrpas datganedig yw:<\/strong><\/p>\n<ul>\n<li>Dathlu amgylchedd, bywyd gwyllt a hanes Parc Bute<\/li>\n<li>Diogelu, cadw a gwella Parc Bute fel lle sy\u2019n cynnig rhyddid, hamdden a phleser diogel er budd hirdymor pob rhan o\u2019r gymuned.<\/li>\n<li>Hyrwyddo Parc Bute i\u2019r gymuned leol ac ehangach<\/li>\n<li>Cynyddu, diogelu a hyrwyddo bioamrywiaeth Parc Bute<\/li>\n<li>Gweithio i gyflawni\u2019r amcanion hyn mewn partneriaeth \u00e2 Chyngor Sir Caerdydd, cyrff statudol a grwpiau gwirfoddol<\/li>\n<li>Cyfeirio a cheisio barn pobl leol a grwpiau cynrychioliadol fel y gall y parc wasanaethu\u2019r gymuned leol yn y ffordd orau bosibl<\/li>\n<li>Sicrhau bod camau gweithredu\u2019r Cyfeillion Newydd yn gyson \u00e2 chynllun Rheoli a Chynnal a Chadw Cyngor Sir Caerdydd ar gyfer y parc.<\/li>\n<\/ul>\n<h3><strong>Sut Rydym Yn Cyflawni Ein Hamcanion?<\/strong><\/h3>\n<p>Mae gan y gr\u0175p bwyllgor etholedig o 10 person sy'n cwrdd yn fisol i symud ymlaen ag amrywiaeth o fentrau ac i weinyddu'r gr\u0175p yn ei gyfanrwydd. Mae cyfathrebu rheolaidd gyda'r aelodaeth yn seiliedig ar y gred bod pawb yn y gr\u0175p yn gallu dylanwadu ar bolisi a gweithgarwch.&nbsp; Mae'r pwyllgor yn rheoli amrywiaeth o sianeli cyfathrebu a chyfryngau cymdeithasol i hyrwyddo eu gweithgareddau a chadw mewn cysylltiad \u00e2'r cyhoedd yn ehangach.<\/p>\n<h3><strong>Aelodaeth<\/strong><\/h3>\n<p>Mae aelodaeth wedi ei Hanelu at unrhyw un a phawb sy'n credu y dylid gofalu am Barc Bute a'i gefnogi fel man diogel o fwynhad a gweithgarwch i bobl Caerdydd.<\/p>\n<p><strong>At Bwy Mae Aelodaeth Wedi Ei Hanelu?<\/strong> Rydym yn annog aelodau newydd o blith ystod eang o ddefnyddwyr - beicwyr, cerddwyr, cerddwyr c\u0175n, teuluoedd, myfyrwyr, selogion chwaraeon, pobl sy'n hoff o fywyd gwyllt, defnyddwyr caffi, gwirfoddolwyr parc \u2013 ac mae croeso i bawb. P'un a ydych am ddangos eich cefnogaeth yn syml ar gyfer yr hyn yr ydym yn ei wneud neu, yn well fyth, i ymwneud yn weithredol \u00e2 gwirfoddoli, mae croeso i chi.<\/p>\n<p><strong>Beth Mae Aelodaeth Yn Ei Olygu?<\/strong> Mae ymuno \u00e2 Chyfeillion Newydd Parc Bute yn cynnig nifer o fanteision:<\/p>\n<ul>\n<li>Mae aelodau'n derbyn (ac yn cyfrannu at) Newyddion a gwybodaeth rheolaidd am weithgareddau a gweinyddiaeth y gr\u0175p Cyfeillion Newydd.<\/li>\n<li>Mae'r aelodau hefyd yn derbyn Cylchlythyr lliw chwarterol llawn.<\/li>\n<li>Yn allweddol, gall aelodau, drwy statws cynrychioladol y gr\u0175p, ddylanwadu ar y modd y caiff y parc ei reoli.<\/li>\n<li>Gall aelodau gyflwyno digwyddiadau a gweithgareddau newydd i'r parc, a helpu i godi arian ar gyfer gwelliannau i\u2019r parc.<\/li>\n<li>Gall aelodau ymuno \u00e2'r gr\u0175p Facebook i aelodau yn unig ar gyfer gwybodaeth gyfredol a thrafodaeth am faterion sy'n ymwneud \u00e2'r parc.<\/li>\n<li>Gall aelodau gwrdd \u00e2 phobl o'r un anian yn eu hardal leol drwy'r gr\u0175p a thrwy ddigwyddiadau cymdeithasol.<\/li>\n<li>Mae'r aelodau'n cael cyfle i roi barn a chynnig syniadau i d\u00eem rheoli\u2019r parc a'i ddyfodol drwy amrywiaeth o holiaduron a thrafodaethau.<\/li>\n<li>Mae'r aelodau yn cael cyfleoedd uniongyrchol i wirfoddoli er mwyn helpu gydag ystod o weithgareddau cymdeithasol, cadwraeth a garddio ynghyd \u00e2 theithiau cerdded a sgyrsiau addysgol. Mae'r cyfleoedd yn cynnwys amrywiaeth o weithgareddau'n ymwneud \u00e2 bioamrywiaeth yn y parc a helpu i redeg Canolfan Ymwelwyr y parc.<\/li>\n<\/ul>\n<p><strong>&nbsp;<\/strong><strong>Beth Yw'r Gost?<\/strong> Mae aelodaeth yn \u00a310 y flwyddyn sy'n cael ei dalu fel trosglwyddiad banc ac mae'r arian hwn yn mynd at redeg y sefydliad sy'n cael ei weithredu ar sail cwbl wirfoddol.<\/p>\n<p>Ar hyn o bryd, mae aelodaeth wedi'i anelu at unigolion a theuluoedd, ond rydym yn gweithio i roi cyfle i wahanol grwpiau cymunedol a busnesau ymuno \u00e2 ni yn ogystal er mwyn cynyddu ein hystod o weithgareddau a gwella eu mynediad i'r parc.<\/p>\n<p><strong>&nbsp;<\/strong><strong>Sut Mae Ymuno?<\/strong> Os oes gennych ddiddordeb mewn ymuno \u00e2 ni yna'r cyfan sydd angen i chi ei wneud yw cysylltu \u00e2 ni drwy e-bost, dweud \"Mae gen i ddiddordeb ymuno\" ac fe ddown yn syth yn \u00f4l atoch chi.<\/p>\n<p>Dim ond e-bostio: <a href=\"mailto:members@newfriendsofbutepark.co.uk\">members@newfriendsofbutepark.co.uk<\/a><\/p>\n<h3><strong>Beth am y Wefan a Sianeli Cyfryngau Cymdeithasol?<\/strong><\/h3>\n<p><strong>Gwefan:<\/strong> Ar hyn o bryd mae gan y gr\u0175p y dudalen hon ar brif wefan Parc Bute ac ar yr un pryd rydym yn datblygu ein gwefan annibynnol ein hunain.<\/p>\n<p><strong>Instagram:<\/strong> Mae gennym gyfrif Instagram (#newfriendsofbutepark) sydd \u00e2 chasgliad da iawn o luniau sy'n dangos yn union beth all y parc ei gynnig.<\/p>\n<p><strong>E-bost:<\/strong> Mae ymholiadau cyffredinol bob amser yn cael eu croesawu ar <a href=\"mailto:admin@newfriendsofbutepark.co.uk\">admin@newfriendsofbutepark.co.uk<\/a><\/p>\n<p><strong>Facebook:<\/strong> Mae ein gr\u0175p Facebook ar hyn o bryd yn un preifat er budd ein haelodau.<\/p>\n<h3><strong>Beth Mae'r Ffrindiau Newydd yn ei Wneud? <\/strong><\/h3>\n<p>Ein ffocws ar hyn o bryd yw llunio ymgyrch a fydd yn ein galluogi i helpu i redeg y Ganolfan Ymwelwyr yn yr Ardd Gudd.&nbsp; Bydd hyn ar sail arbrofol ar benwythnosau i'w brofi gyda'r gobaith y bydd yn dod yn lefel o gefnogaeth mwy parhaol. Bydd hyn yn galluogi'r Ganolfan Ymwelwyr i gynnig gwasanaeth ehangach i ddefnyddwyr y parc a galluogi'r Cyfeillion Newydd i gyflwyno ystod o gyfarfodydd, sgyrsiau, darlithoedd a chyfleoedd gwirfoddoli.&nbsp; Os ydych chi'n meddwl efallai yr hoffech chi helpu gyda hyn, yna cysylltwch \u00e2 ni yn <a href=\"mailto:admin@newfriendsofbutepark.co.uk\">admin@newfriendsofbutepark.co.uk<\/a><\/p><\/div><\/div><div class=\"vce-text-block\"><div class=\"vce-text-block-wrapper vce\" id=\"el-29ab6200\" data-vce-do-apply=\"all el-29ab6200\"><h2>New Friends of Bute Park Newsletters<\/h2>\n<p>&nbsp;<\/p>\n<p><a href=\"https:\/\/app-cprd-butepark.azurewebsites.net\/wp-content\/uploads\/New-Friends-Newsletter_13aug2317.pdf\">Summer 2023<\/a><\/p>\n<p><a href=\"https:\/\/app-cprd-butepark.azurewebsites.net\/wp-content\/uploads\/Spring-23-Newsletter.pdf\">Spring 2023<\/a><\/p>\n<p><a href=\"https:\/\/app-cprd-butepark.azurewebsites.net\/wp-content\/uploads\/2-FOBP-Newsletter_sep22.pdf\">Autumn 2022<\/a><\/p>\n<p><a href=\"https:\/\/app-cprd-butepark.azurewebsites.net\/wp-content\/uploads\/Launch-Newsletter-single-pages.pdf\">Spring 2022 (launch)<\/a><\/p><\/div><\/div><\/div><\/div><\/div><div class=\"vce-col vce-col--md-33-34p vce-col--xs-1 vce-col--xs-last vce-col--xs-first vce-col--sm-last vce-col--sm-first vce-col--md-last vce-col--lg-last vce-col--xl-last\" id=\"el-3f155f24\"><div class=\"vce-col-inner\" data-vce-do-apply=\"border margin background  el-3f155f24\"><div class=\"vce-col-content\" data-vce-element-content=\"true\" data-vce-do-apply=\"padding el-3f155f24\"><div class=\"vce-single-image-container vce-single-image--align-left\"><div class=\"vce vce-single-image-wrapper\" id=\"el-d9e5afa0\" data-vce-do-apply=\"all el-d9e5afa0\"><figure><div class=\"vce-single-image-figure-inner\" style=\"width: 1024px;\"><div class=\"vce-single-image-inner vce-single-image--absolute\" style=\"width: 100%; padding-bottom: 100%;\"><img loading=\"lazy\" decoding=\"async\" class=\"vce-single-image\"  width=\"1024\" height=\"1024\" srcset=\"https:\/\/bute-park.com\/wp-content\/uploads\/NFoBP-v5-320x320.png 320w, https:\/\/bute-park.com\/wp-content\/uploads\/NFoBP-v5-480x480.png 480w, https:\/\/bute-park.com\/wp-content\/uploads\/NFoBP-v5-800x800.png 800w, https:\/\/bute-park.com\/wp-content\/uploads\/NFoBP-v5-1024x1024.png 1024w\" src=\"https:\/\/bute-park.com\/wp-content\/uploads\/NFoBP-v5-1024x1024.png\" data-img-src=\"https:\/\/app-cprd-butepark.azurewebsites.net\/wp-content\/uploads\/NFoBP-v5.png\" data-attachment-id=\"9196\"  alt=\"\" title=\"NFoBP v5\" \/><\/div><\/div><figcaption hidden=\"\"><\/figcaption><\/figure><\/div><\/div><div class=\"vce-single-image-container vce-single-image--align-left\"><div class=\"vce vce-single-image-wrapper\" id=\"el-99780c4f\" data-vce-do-apply=\"all el-99780c4f\"><figure><div class=\"vce-single-image-figure-inner\" style=\"width: 768px;\"><div class=\"vce-single-image-inner vce-single-image--absolute\" style=\"width: 100%; padding-bottom: 133.333%;\"><img loading=\"lazy\" decoding=\"async\" class=\"vce-single-image\"  width=\"768\" height=\"1024\" srcset=\"https:\/\/bute-park.com\/wp-content\/uploads\/RHS-Friends-2019-scaled-320x427.jpg 320w, https:\/\/bute-park.com\/wp-content\/uploads\/RHS-Friends-2019-scaled-480x640.jpg 480w, https:\/\/bute-park.com\/wp-content\/uploads\/RHS-Friends-2019-scaled-768x1024.jpg 768w\" src=\"https:\/\/bute-park.com\/wp-content\/uploads\/RHS-Friends-2019-scaled-768x1024.jpg\" data-img-src=\"https:\/\/app-cprd-butepark.azurewebsites.net\/wp-content\/uploads\/RHS-Friends-2019-scaled.jpg\" data-attachment-id=\"8338\"  alt=\"\" title=\"RHS Friends 2019\" \/><\/div><\/div><figcaption hidden=\"\"><\/figcaption><\/figure><\/div><\/div><div class=\"vce-single-image-container vce-single-image--align-left\"><div class=\"vce vce-single-image-wrapper\" id=\"el-791d3e94\" data-vce-do-apply=\"all el-791d3e94\"><figure><div class=\"vce-single-image-figure-inner\" style=\"width: 591px;\"><div class=\"vce-single-image-inner vce-single-image--absolute\" style=\"width: 100%; padding-bottom: 100%;\"><img loading=\"lazy\" decoding=\"async\" class=\"vce-single-image\"  width=\"591\" height=\"591\" srcset=\"https:\/\/bute-park.com\/wp-content\/uploads\/FOBP-320x320.jpg 320w, https:\/\/bute-park.com\/wp-content\/uploads\/FOBP-480x480.jpg 480w, https:\/\/bute-park.com\/wp-content\/uploads\/FOBP-591x591.jpg 591w\" src=\"https:\/\/bute-park.com\/wp-content\/uploads\/FOBP-591x591.jpg\" data-img-src=\"https:\/\/app-cprd-butepark.azurewebsites.net\/wp-content\/uploads\/FOBP.jpg\" data-attachment-id=\"8350\"  alt=\"\" title=\"FOBP\" \/><\/div><\/div><figcaption hidden=\"\"><\/figcaption><\/figure><\/div><\/div><div class=\"vce-single-image-container vce-single-image--align-left\"><div class=\"vce vce-single-image-wrapper\" id=\"el-1b52dc2b\" data-vce-do-apply=\"all el-1b52dc2b\"><figure><div class=\"vce-single-image-figure-inner\" style=\"width: 1365px;\"><div class=\"vce-single-image-inner vce-single-image--absolute\" style=\"width: 100%; padding-bottom: 75.0183%;\"><img loading=\"lazy\" decoding=\"async\" class=\"vce-single-image\"  width=\"1365\" height=\"1024\" srcset=\"https:\/\/bute-park.com\/wp-content\/uploads\/RHS-Friends-19-scaled-320x240.jpg 320w, https:\/\/bute-park.com\/wp-content\/uploads\/RHS-Friends-19-scaled-480x360.jpg 480w, https:\/\/bute-park.com\/wp-content\/uploads\/RHS-Friends-19-scaled-800x600.jpg 800w, https:\/\/bute-park.com\/wp-content\/uploads\/RHS-Friends-19-scaled-1365x1024.jpg 1365w\" src=\"https:\/\/bute-park.com\/wp-content\/uploads\/RHS-Friends-19-scaled-1365x1024.jpg\" data-img-src=\"https:\/\/app-cprd-butepark.azurewebsites.net\/wp-content\/uploads\/RHS-Friends-19-scaled.jpg\" data-attachment-id=\"8339\"  alt=\"\" title=\"RHS Friends 19\" \/><\/div><\/div><figcaption hidden=\"\"><\/figcaption><\/figure><\/div><\/div><div class=\"vce-single-image-container vce-single-image--align-left\"><div class=\"vce vce-single-image-wrapper\" id=\"el-08a1ee9a\" data-vce-do-apply=\"all el-08a1ee9a\"><figure><div class=\"vce-single-image-figure-inner\" style=\"width: 300px;\"><div class=\"vce-single-image-inner vce-single-image--absolute vce-single-image--border-rounded\" style=\"width: 100%; padding-bottom: 62.3333%;\"><img loading=\"lazy\" decoding=\"async\" class=\"vce-single-image\"  width=\"300\" height=\"187\" srcset=\"https:\/\/bute-park.com\/wp-content\/uploads\/Corporate-300x187.jpg 300w\" src=\"https:\/\/bute-park.com\/wp-content\/uploads\/Corporate-300x187.jpg\" data-img-src=\"https:\/\/app-cprd-butepark.azurewebsites.net\/wp-content\/uploads\/Corporate.jpg\" data-attachment-id=\"1700\"  alt=\"A group of volunteers at Bute Park\" title=\"A group of volunteers at Bute Park\" \/><\/div><\/div><figcaption hidden=\"\"><\/figcaption><\/figure><\/div><\/div><\/div><\/div><\/div><\/div><\/div><\/div><div class=\"vce-row-container\"><div class=\"vce-row vce-row--col-gap-30 grey_box vce-row-content--top\" data-vce-full-width=\"true\" id=\"el-5a45f4d8\" data-vce-do-apply=\"all el-5a45f4d8\"><div class=\"vce-content-background-container\"><\/div><div class=\"vce-row-content\" data-vce-element-content=\"true\"><div class=\"vce-col vce-col--md-66-66p vce-col--xs-1 vce-col--xs-last vce-col--xs-first vce-col--sm-last vce-col--sm-first vce-col--md-first vce-col--lg-first vce-col--xl-first\" id=\"el-be02d5aa\"><div class=\"vce-col-inner\" data-vce-do-apply=\"border margin background  el-be02d5aa\"><div class=\"vce-col-content\" data-vce-element-content=\"true\" data-vce-do-apply=\"padding el-be02d5aa\"><div class=\"vcv-row-control-wrapper\"><\/div><\/div><\/div><\/div><div class=\"vce-col vce-col--md-33-34p vce-col--xs-1 vce-col--xs-last vce-col--xs-first vce-col--sm-last vce-col--sm-first vce-col--md-last vce-col--lg-last vce-col--xl-last\" id=\"el-9d20e8cf\"><div class=\"vce-col-inner\" data-vce-do-apply=\"border margin background  el-9d20e8cf\"><div class=\"vce-col-content\" data-vce-element-content=\"true\" data-vce-do-apply=\"padding el-9d20e8cf\"><div class=\"vcv-row-control-wrapper\"><\/div><\/div><\/div><\/div><\/div><\/div><\/div>","protected":false},"excerpt":{"rendered":"Cyfeillion Parc ButePwy yw Cyfeillion Newydd Parc Bute? Mae Cyfeillion Newydd Parc Bute yn cynnwys trigolion lleol sy&#8217;n teimlo&#8217;n angerddol dros Barc Bute. Rydym yn sefydliad gwirfoddol ac rydym yn gweithredu fel cynrychiolwyr i ddefnyddwyr amrywiol y parc yn ogystal \u00e2 chynnig cefnogaeth ymarferol i&#8217;r parc a Th\u00eem Rheoli&#8217;r Parc. GWEFAN Beth yw Amcanion y&#8230; <a class=\"view-article\" href=\"https:\/\/bute-park.com\/cy\/cyfeillion-parc-bute\/\">View Cyfeillion Parc Bute<\/a>","protected":false},"author":9,"featured_media":0,"parent":0,"menu_order":0,"comment_status":"closed","ping_status":"closed","template":"","meta":{"_acf_changed":false,"footnotes":""},"class_list":["post-2562","page","type-page","status-publish","hentry"],"acf":[],"_links":{"self":[{"href":"https:\/\/bute-park.com\/cy\/wp-json\/wp\/v2\/pages\/2562","targetHints":{"allow":["GET"]}}],"collection":[{"href":"https:\/\/bute-park.com\/cy\/wp-json\/wp\/v2\/pages"}],"about":[{"href":"https:\/\/bute-park.com\/cy\/wp-json\/wp\/v2\/types\/page"}],"author":[{"embeddable":true,"href":"https:\/\/bute-park.com\/cy\/wp-json\/wp\/v2\/users\/9"}],"replies":[{"embeddable":true,"href":"https:\/\/bute-park.com\/cy\/wp-json\/wp\/v2\/comments?post=2562"}],"version-history":[{"count":6,"href":"https:\/\/bute-park.com\/cy\/wp-json\/wp\/v2\/pages\/2562\/revisions"}],"predecessor-version":[{"id":13550,"href":"https:\/\/bute-park.com\/cy\/wp-json\/wp\/v2\/pages\/2562\/revisions\/13550"}],"wp:attachment":[{"href":"https:\/\/bute-park.com\/cy\/wp-json\/wp\/v2\/media?parent=2562"}],"curies":[{"name":"wp","href":"https:\/\/api.w.org\/{rel}","templated":true}]}}